{"id":110,"date":"2009-07-14T00:05:52","date_gmt":"2009-07-13T22:05:52","guid":{"rendered":"http:\/\/movimientobiblicolugo.org\/?page_id=110"},"modified":"2021-01-31T22:39:01","modified_gmt":"2021-01-31T21:39:01","slug":"presentacion","status":"publish","type":"page","link":"http:\/\/movimientobiblicolugo.org\/?page_id=110","title":{"rendered":"PRESENTACI\u00d3N"},"content":{"rendered":"\n\n\n<figure class=\"wp-block-image\"><img loading=\"lazy\" width=\"180\" height=\"241\" src=\"http:\/\/movimientobiblicolugo.org\/wp-content\/uploads\/2009\/08\/carrasco-rouco-34.jpg\" alt=\"\" class=\"wp-image-1201\"\/><\/figure>\n\n\n\n<p><strong><em>En todo el que participa en el camino del Pueblo de Dios surge el deseo personal e \u00edntimo de conocer mejor a Jesucristo y a su Evangelio, y, por consiguiente, de escuchar las Escrituras y de comprenderlas como verdadera \u201cPalabra de Dios\u201d.<\/em><\/strong><\/p>\n\n\n\n<p><strong><em>A ello sirven la catequesis, la oraci\u00f3n personal y lit\u00fargica, las celebraciones sacramentales y, sobre todo, la de la Eucarist\u00eda, en la que se nos comunica corporalmente la Palabra hecha carne. A esta important\u00edsima tarea est\u00e1 destinada tambi\u00e9n toda la actividad de nuestro Movimiento B\u00edblico en la Di\u00f3cesis de Lugo. Procurar la cercan\u00eda de los fieles a la Escritura, profundizando en su estudio, es una verdadera colaboraci\u00f3n a la edificaci\u00f3n de la Iglesia.<\/em><\/strong><\/p>\n\n\n\n<p><strong><em>La bondad de este trabajo se manifestar\u00e1 r\u00e1pidamente en sus frutos; en primer lugar, en la capacidad de leer, estudiar y entender el testimonio escrito, sin necesidad de reducirlo o de negar valor a las intenciones m\u00e1s propias de los textos. Crecer\u00e1, por tanto, un profundo respeto y veneraci\u00f3n por la Sagrada Escritura, que no pone en cuesti\u00f3n ni su unidad ni su autoridad can\u00f3nica. <\/em><\/strong><\/p>\n\n\n\n<p><strong><em>En segundo lugar, aumentar\u00e1 el conocimiento personal del amor de Dios, que genera esperanza y gratitud profunda ante su misericordia, paz ante el don de la salvaci\u00f3n de nuestras personas y una capacidad nueva y sorprendente de amar al pr\u00f3jimo, seg\u00fan el mandamiento nuevo de Cristo.<\/em><\/strong><\/p>\n\n\n\n<p><strong><em>La comuni\u00f3n del Pueblo de Dios que camina en la historia es el fruto verdadero de la Palabra. En su seno la hemos recibido, en su seno seguimos escuch\u00e1ndola cada d\u00eda, y, s\u00f3lo gracias a la participaci\u00f3n fiel en su vida , la entendemos.<\/em><\/strong><\/p>\n\n\n\n<p><strong><em>Que todo el trabajo del Movimiento B\u00edblico sirva para crecer en esta comuni\u00f3n con nuestro Se\u00f1or, de modo que seamos capaces de vivir y testimoniar en medio de nuestro mundo su Evangelio.<\/em><\/strong><\/p>\n\n\n\n<p class=\"has-text-align-center\"><strong><em>\u2020 Alfonso Carrasco<\/em><\/strong><\/p>\n\n\n\n<p class=\"has-text-align-center\"><strong><em>&nbsp;<\/em><\/strong><strong><em>Obispo de Lugo<\/em><\/strong><\/p>\n","protected":false},"excerpt":{"rendered":"<p>En todo el que participa en el camino del Pueblo de Dios surge el deseo personal e \u00edntimo de conocer mejor a Jesucristo y a su Evangelio, y, por consiguiente, de escuchar las Escrituras y de comprenderlas como verdadera \u201cPalabra &hellip; <a href=\"http:\/\/movimientobiblicolugo.org\/?page_id=110\">Sigue leyendo <span class=\"meta-nav\">&rarr;<\/span><\/a><\/p>\n","protected":false},"author":4,"featured_media":0,"parent":0,"menu_order":10,"comment_status":"open","ping_status":"open","template":"","meta":[],"_links":{"self":[{"href":"http:\/\/movimientobiblicolugo.org\/index.php?rest_route=\/wp\/v2\/pages\/110"}],"collection":[{"href":"http:\/\/movimientobiblicolugo.org\/index.php?rest_route=\/wp\/v2\/pages"}],"about":[{"href":"http:\/\/movimientobiblicolugo.org\/index.php?rest_route=\/wp\/v2\/types\/page"}],"author":[{"embeddable":true,"href":"http:\/\/movimientobiblicolugo.org\/index.php?rest_route=\/wp\/v2\/users\/4"}],"replies":[{"embeddable":true,"href":"http:\/\/movimientobiblicolugo.org\/index.php?rest_route=%2Fwp%2Fv2%2Fcomments&post=110"}],"version-history":[{"count":34,"href":"http:\/\/movimientobiblicolugo.org\/index.php?rest_route=\/wp\/v2\/pages\/110\/revisions"}],"predecessor-version":[{"id":6874,"href":"http:\/\/movimientobiblicolugo.org\/index.php?rest_route=\/wp\/v2\/pages\/110\/revisions\/6874"}],"wp:attachment":[{"href":"http:\/\/movimientobiblicolugo.org\/index.php?rest_route=%2Fwp%2Fv2%2Fmedia&parent=110"}],"curies":[{"name":"wp","href":"https:\/\/api.w.org\/{rel}","templated":true}]}}