{"id":1460,"date":"2009-08-14T16:18:56","date_gmt":"2009-08-14T14:18:56","guid":{"rendered":"http:\/\/movimientobiblicolugo.org\/?page_id=1460"},"modified":"2021-01-31T22:41:01","modified_gmt":"2021-01-31T21:41:01","slug":"historia","status":"publish","type":"page","link":"http:\/\/movimientobiblicolugo.org\/?page_id=1460","title":{"rendered":"Un poco de historia"},"content":{"rendered":"<p style=\"padding-left: 30px;\">\n<p style=\"text-align: center; padding-left: 30px;\"><a href=\"http:\/\/movimientobiblicolugo.org\/wp-content\/uploads\/2009\/08\/nile.jpg\"><\/a><\/p>\n<h1 class=\"MsoNormal\" style=\"text-align: center; text-indent: 0cm; margin: 6pt 0cm 0pt; padding-left: 30px; mso-line-height-alt: 10.75pt;\"><span style=\"font-family: &amp;amp;amp; color: black; font-size: 16pt; mso-bidi-font-size: 11.0pt; mso-ansi-language: ES;\">\u00bfQU\u00c9 ES EL MOVIMIENTO B\u00cdBLICO DIOCESANO?<\/span><\/h1>\n<p><span style=\"font-family: &amp;amp;amp; color: black; font-size: 16pt; mso-bidi-font-size: 11.0pt; mso-ansi-language: ES;\"><span style=\"color: #ffffff;\">&#8212;&#8212;&#8212;&#8212;&#8211;<\/span><br \/>\n<\/span><\/p>\n<p class=\"MsoNormal\" style=\"text-align: right; text-indent: 0cm; margin: 6pt 0cm 0pt; padding-left: 120px; mso-line-height-alt: 10.75pt;\"><span style=\"color: black; font-size: 12pt; mso-ansi-language: ES;\"><span style=\"font-family: Times New Roman;\"> <a href=\"http:\/\/movimientobiblicolugo.org\/wp-content\/uploads\/2009\/08\/D-Biblia-20.jpg\"><img loading=\"lazy\" class=\"alignright size-full wp-image-2674\" title=\"D Biblia (20)\" src=\"http:\/\/movimientobiblicolugo.org\/wp-content\/uploads\/2009\/08\/D-Biblia-20.jpg\" alt=\"\" width=\"128\" height=\"96\"><\/a><\/span><\/span><\/p>\n<p class=\"MsoNormal\" style=\"text-align: justify; line-height: 10.75pt; text-indent: 0cm; margin: 6pt 0cm 0pt; padding-left: 30px;\"><span style=\"font-family: &amp;amp;amp; color: black; font-size: 10pt; mso-ansi-language: ES;\">\u00a1En el 2009&nbsp;hemos cumplido 30 a\u00f1os!. Ser\u00eda osado decir que hemos llegado a la madurez\u2026 pero s\u00ed se puede afirmar que<\/span><em><span style=\"font-family: &amp;amp;amp; color: black; font-size: 10pt; mso-bidi-font-size: 11.0pt; mso-ansi-language: ES;\"> <strong>\u201cel Movimiento B\u00edblico es hoy una realidad compleja, rica y din\u00e1mica en la di\u00f3cesis lucense\u201d<\/strong><\/span><\/em><strong><span style=\"font-family: &amp;amp;amp; color: black; font-size: 10pt; mso-bidi-font-size: 11.0pt; mso-ansi-language: ES;\">;<\/span><\/strong><span style=\"font-family: &amp;amp;amp; color: black; font-size: 10pt; mso-ansi-language: ES;\"> despu\u00e9s de estos 30 a\u00f1os seguimos trabajando, seguimos creciendo, en medio de luces y sombras, respondiendo a nuevas necesidades.<\/span><\/p>\n<p class=\"MsoNormal\" style=\"text-align: justify; line-height: 10.75pt; text-indent: 0cm; margin: 12pt 0cm 0pt; padding-left: 30px;\"><span style=\"font-family: &amp;amp;amp; color: black; font-size: 10pt; mso-ansi-language: ES;\">Pero si volvemos la vista atr\u00e1s, recordamos los <\/span><strong><em><span style=\"font-family: &amp;amp;amp; color: black; font-size: 10pt; mso-bidi-font-size: 11.0pt; mso-ansi-language: ES;\">comienzos,<\/span><\/em><\/strong><span style=\"font-family: &amp;amp;amp; color: black; font-size: 10pt; mso-ansi-language: ES;\"> como si de un ni\u00f1o peque\u00f1o se tratara. Era el a\u00f1o 1978. Los comienzos fueron casuales, o quiz\u00e1s providenciales: un grupo de amigos, entre los que se encontraba uno de nuestros actuales especialistas, en una reuni\u00f3n informal, comienzan a discutir temas relativos a la Biblia; la discusi\u00f3n se vuelve interesante hasta el punto de llegar a las dos de la madrugada. <\/span><\/p>\n<p class=\"MsoNormal\" style=\"text-align: justify; line-height: 10.75pt; text-indent: 0cm; margin: 12pt 0cm 0pt; padding-left: 30px;\"><span style=\"font-family: &amp;amp;amp; color: black; font-size: 10pt; mso-ansi-language: ES;\">Unos d\u00edas m\u00e1s tarde, el mismo grupo reemprende la misma discusi\u00f3n. Entonces alguien dice: <\/span><em><span style=\"font-family: &amp;amp;amp; color: black; font-size: 10pt; mso-bidi-font-size: 11.0pt; mso-ansi-language: ES;\">\u201cEstamos siempre dando vueltas a los mismos temas, \u00bfpor qu\u00e9 no organizamos una formaci\u00f3n b\u00edblica escalonada, con un nivel sencillo y con una pedagog\u00eda adecuada?\u201d. <\/span><\/em><span style=\"font-family: &amp;amp;amp; color: black; font-size: 10pt; mso-ansi-language: ES;\">Naturalmente, nuestro especialista b\u00edblico no se pudo negar y ah\u00ed comenz\u00f3 todo: confeccionar material, inventar pedagog\u00eda, fotocopiar folios, hasta llegar a una programaci\u00f3n m\u00e1s perfilada y equilibrada. As\u00ed empezamos, era un peque\u00f1o grupo de 16 personas.<\/span><\/p>\n<p class=\"MsoNormal\" style=\"text-align: justify; line-height: 10.75pt; text-indent: 0cm; margin: 12pt 0cm 0pt; padding-left: 30px;\"><span style=\"font-family: &amp;amp;amp; color: black; font-size: 10pt; mso-ansi-language: ES;\"><br \/>\nY as\u00ed continuamos 30 a\u00f1os despu\u00e9s, sin cansancios, con mayor experiencia, motivados por el amor a la PALABRA DE DIOS y animados por la gran aceptaci\u00f3n de nuestra Iglesia Diocesana. Prueba de ello son las 50 personas que cada a\u00f1o asisten a los cursos b\u00edblicos, en una di\u00f3cesis de poblaci\u00f3n relativamente escasa y de gran dispersi\u00f3n geogr\u00e1fica. Por cierto, en estos a\u00f1os, han pasado por el MBD, exactamente 1120 personas, de las que un 70 % han cumplido el ciclo completo.<\/span><\/p>\n<p class=\"MsoNormal\" style=\"text-align: justify; line-height: 10.75pt; text-indent: 0cm; margin: 12pt 0cm 0pt; padding-left: 30px;\"><strong><em><span style=\"font-family: &amp;amp;amp; color: black; font-size: 10pt; mso-bidi-font-size: 11.0pt; mso-ansi-language: ES;\">\u00bfQu\u00e9 es hoy el Movimiento B\u00edblico Diocesano?<\/span><\/em><\/strong><\/p>\n<p class=\"MsoNormal\" style=\"text-align: justify; line-height: 10.75pt; text-indent: 0cm; margin: 12pt 0cm 0pt; padding-left: 30px;\"><span style=\"font-family: &amp;amp;amp; color: black; font-size: 10pt; mso-ansi-language: ES;\">Es eso: un<\/span><em><span style=\"font-family: &amp;amp;amp; color: black; font-size: 10pt; mso-bidi-font-size: 11.0pt; mso-ansi-language: ES;\"> \u201c<strong>movimiento<\/strong>\u201d.<\/span><\/em><span style=\"font-family: &amp;amp;amp; color: black; font-size: 10pt; mso-ansi-language: ES;\"> Esta denominaci\u00f3n tiene reminiscencias un tanto dudosas, pero con todo la mantenemos, porque queremos que algo se mueva y lo que se debe<\/span><em><span style=\"font-family: &amp;amp;amp; color: black; font-size: 10pt; mso-bidi-font-size: 11.0pt; mso-ansi-language: ES;\"> mover es el conocimiento, la difusi\u00f3n, la lectura, la comprensi\u00f3n y la estima por la Biblia<\/span><\/em><span style=\"font-family: &amp;amp;amp; color: black; font-size: 10pt; mso-ansi-language: ES;\"> <\/span><em><span style=\"font-family: &amp;amp;amp; color: black; font-size: 10pt; mso-bidi-font-size: 11.0pt; mso-ansi-language: ES;\">(AT y NT), <\/span><\/em><span style=\"font-family: &amp;amp;amp; color: black; font-size: 10pt; mso-ansi-language: ES;\">en todos los \u00e1mbitos diocesanos: desde la preparaci\u00f3n de las homil\u00edas y la proclamaci\u00f3n de la Palabra en la Celebraci\u00f3n, hasta las clases y las catequesis, desde los diferentes sectores y grupos de la pastoral diocesana, hasta la lectura vivencial, personal o comunitaria. Esos son nuestros objetivos y tareas.<\/span><\/p>\n<p class=\"MsoNormal\" style=\"text-align: justify; line-height: 10.75pt; text-indent: 0cm; margin: 12pt 0cm 0pt; padding-left: 30px;\"><span style=\"font-family: &amp;amp;amp; color: black; font-size: 10pt; mso-ansi-language: ES;\">Es un movimiento <\/span><strong><em><span style=\"font-family: &amp;amp;amp; color: black; font-size: 10pt; mso-bidi-font-size: 11.0pt; mso-ansi-language: ES;\">seglar<\/span><\/em><\/strong><span style=\"font-family: &amp;amp;amp; color: black; font-size: 10pt; mso-ansi-language: ES;\">. Aunque por el MBD han pasado cerca de 100 sacerdotes y m\u00e1s de 200 religiosos\/as, sus destinatarios son ante todos laicos, cualquier tipo de laicos, con la \u00fanica condici\u00f3n de su inter\u00e9s por la comprensi\u00f3n m\u00e1s profunda de la Palabra de Dios. Sin excluir a nadie, nos dirigimos especialmente a los <\/span><em><span style=\"font-family: &amp;amp;amp; color: black; font-size: 10pt; mso-bidi-font-size: 11.0pt; mso-ansi-language: ES;\">laicos que est\u00e1n trabajando de modo comprometido en tareas eclesiales<\/span><\/em><span style=\"font-family: &amp;amp;amp; color: black; font-size: 10pt; mso-ansi-language: ES;\">, grupos parroquiales de liturgia o de catequesis, consejos pastorales, movimientos apost\u00f3licos, profesores de religi\u00f3n, etc\u2026 No se trata de alejarlos o distraerlos de sus actividades o movimientos pastorales, sino de facilitarles que la Palabra de Dios est\u00e9 presente potenciando esas mismas actividades. Por ello ya circula un dicho:<\/span><strong><span style=\"font-family: &amp;amp;amp; color: black; font-size: 10pt; mso-bidi-font-size: 11.0pt; mso-ansi-language: ES;\"> <em>\u201cel MBD no es un saco donde estar, sino un t\u00fanel de lavado por el que pasar\u201d, <\/em><\/span><\/strong><span style=\"font-family: &amp;amp;amp; color: black; font-size: 10pt; mso-ansi-language: ES;\">para seguir en la actividad que cada uno ten\u00eda.<\/span><\/p>\n<p class=\"MsoNormal\" style=\"text-align: justify; line-height: 10.75pt; text-indent: 0cm; margin: 12pt 0cm 0pt; padding-left: 30px;\"><span style=\"font-family: &amp;amp;amp; color: black; font-size: 10pt; mso-ansi-language: ES;\">Es un movimiento b\u00edblico <\/span><strong><em><span style=\"font-family: &amp;amp;amp; color: black; font-size: 10pt; mso-bidi-font-size: 11.0pt; mso-ansi-language: ES;\">diocesano<\/span><\/em><\/strong><span style=\"font-family: &amp;amp;amp; color: black; font-size: 10pt; mso-ansi-language: ES;\">. Juzgamos imprescindible estar inmersos en la pastoral diocesana a todo nivel; esto evita malentendidos e impide convertirse en grupos marginales. Pensamos que, desde nuestro inter\u00e9s b\u00edblico, debemos aportar un granito de arena para que la Palabra de Dios no pase desapercibida en las decisiones y actividades pastorales de nuestra Iglesia Diocesana. Y, en direcci\u00f3n inversa, la presencia del Sr. Obispo en nuestras Asambleas y convivencias y la colaboraci\u00f3n de las instituciones diocesanas dan solidez y sentido al MBD.<\/span><\/p>\n<p class=\"MsoNormal\" style=\"text-align: justify; line-height: 10.75pt; text-indent: 0cm; margin: 12pt 0cm 0pt; padding-left: 30px;\"><span style=\"font-family: &amp;amp;amp; color: black; font-size: 10pt; mso-ansi-language: ES;\">Este sentido de pertenencia e inmersi\u00f3n diocesana, por lo dem\u00e1s obvio, se traduce en la organizaci\u00f3n de cursos o actividades b\u00edblicas <\/span><strong><em><span style=\"font-family: &amp;amp;amp; color: black; font-size: 10pt; mso-bidi-font-size: 11.0pt; mso-ansi-language: ES;\">en las diversas zonas de la Di\u00f3cesis<\/span><\/em><\/strong><strong><span style=\"font-family: &amp;amp;amp; color: black; font-size: 10pt; mso-bidi-font-size: 11.0pt; mso-ansi-language: ES;\">, <\/span><\/strong><span style=\"font-family: &amp;amp;amp; color: black; font-size: 10pt; mso-ansi-language: ES;\">de forma que el MBD no quede reducido a la ciudad de Lugo, sino que ha abarcado y sigue abarcando cualquier lugar de la geograf\u00eda diocesana donde se requiera su presencia.<\/span><\/p>\n","protected":false},"excerpt":{"rendered":"<p>\u00bfQU\u00c9 ES EL MOVIMIENTO B\u00cdBLICO DIOCESANO? &#8212;&#8212;&#8212;&#8212;&#8211; \u00a1En el 2009&nbsp;hemos cumplido 30 a\u00f1os!. Ser\u00eda osado decir que hemos llegado a la madurez\u2026 pero s\u00ed se puede afirmar que \u201cel Movimiento B\u00edblico es hoy una realidad compleja, rica y din\u00e1mica en &hellip; <a href=\"http:\/\/movimientobiblicolugo.org\/?page_id=1460\">Sigue leyendo <span class=\"meta-nav\">&rarr;<\/span><\/a><\/p>\n","protected":false},"author":4,"featured_media":0,"parent":110,"menu_order":3,"comment_status":"open","ping_status":"open","template":"","meta":[],"_links":{"self":[{"href":"http:\/\/movimientobiblicolugo.org\/index.php?rest_route=\/wp\/v2\/pages\/1460"}],"collection":[{"href":"http:\/\/movimientobiblicolugo.org\/index.php?rest_route=\/wp\/v2\/pages"}],"about":[{"href":"http:\/\/movimientobiblicolugo.org\/index.php?rest_route=\/wp\/v2\/types\/page"}],"author":[{"embeddable":true,"href":"http:\/\/movimientobiblicolugo.org\/index.php?rest_route=\/wp\/v2\/users\/4"}],"replies":[{"embeddable":true,"href":"http:\/\/movimientobiblicolugo.org\/index.php?rest_route=%2Fwp%2Fv2%2Fcomments&post=1460"}],"version-history":[{"count":23,"href":"http:\/\/movimientobiblicolugo.org\/index.php?rest_route=\/wp\/v2\/pages\/1460\/revisions"}],"predecessor-version":[{"id":6879,"href":"http:\/\/movimientobiblicolugo.org\/index.php?rest_route=\/wp\/v2\/pages\/1460\/revisions\/6879"}],"up":[{"embeddable":true,"href":"http:\/\/movimientobiblicolugo.org\/index.php?rest_route=\/wp\/v2\/pages\/110"}],"wp:attachment":[{"href":"http:\/\/movimientobiblicolugo.org\/index.php?rest_route=%2Fwp%2Fv2%2Fmedia&parent=1460"}],"curies":[{"name":"wp","href":"https:\/\/api.w.org\/{rel}","templated":true}]}}