{"id":1467,"date":"2009-08-14T16:30:53","date_gmt":"2009-08-14T14:30:53","guid":{"rendered":"http:\/\/movimientobiblicolugo.org\/?page_id=1467"},"modified":"2010-06-09T12:17:48","modified_gmt":"2010-06-09T10:17:48","slug":"%c2%bfcomo-nos-organizamos","status":"publish","type":"page","link":"http:\/\/movimientobiblicolugo.org\/?page_id=1467","title":{"rendered":"\u00bfC\u00f3mo nos organizamos?"},"content":{"rendered":"<p style=\"text-align: justify; padding-left: 60px;\"><strong><em><span style=\"color: #ffffff;\">&#8212;&#8212;&#8212;-<\/span><\/em><\/strong><\/p>\n<p style=\"text-align: justify; padding-left: 60px;\"><strong><em>Todos los que han pasado por los cursos b\u00edblicos son miembros de un valor inestimable, todos y cada uno, sin que se puedan hacer diferencias entre ellos. Es cierto que con unos 200 hemos perdido el contacto, o porque han fallecido (unos 50), o porque desconocemos la direcci\u00f3n actual de otros. Pero seguimos manteniendo contacto con todos los dem\u00e1s (unos 900) al comienzo de curso en la ASAMBLEA GENERAL, a mediados de curso con motivo de la fiesta de la PASCUA B\u00cdBLICA, y dos o tres veces al a\u00f1o mediante comunicados, invitaciones o saludos. <\/em><\/strong><strong><em>\u00a0<\/em><\/strong>\u00a0<\/p>\n<p style=\"text-align: justify; padding-left: 60px;\"><strong><em>Muchos de estos miembros siguen especialmente activos\u00a0 participando en los diferentes trabajos del Movimiento B\u00edblico Dioscesano (MBD), sea como monitores, o como animadores de otros grupos, o como miembros directivos de la Comisi\u00f3n Permanente. Hay que destacar especialmente, entre todos los que han completado el ciclo de los CURSOS B\u00cdBLICOS, a los que dedican su esfuerzo a la direcci\u00f3n y organizaci\u00f3n del MBD. <\/em><\/strong><strong><em>\u00a0<\/em><\/strong>\u00a0<\/p>\n<p style=\"text-align: justify;\"><strong><em>LA\u00a0 COMISI\u00d3N\u00a0 PERMANENTE<\/em><\/strong><a href=\"http:\/\/movimientobiblicolugo.org\/wp-content\/uploads\/2009\/08\/comision-permanente1.jpg\"><strong><em>\u00a0<\/em><\/strong><\/a><strong><em>\u00a0<\/em><\/strong>\u00a0<a href=\"http:\/\/movimientobiblicolugo.org\/wp-content\/uploads\/2009\/08\/Comisi\u00f3n-permanente.jpg\"><img loading=\"lazy\" class=\"alignright size-full wp-image-2664\" title=\"Comisi\u00f3n permanente\" src=\"http:\/\/movimientobiblicolugo.org\/wp-content\/uploads\/2009\/08\/Comisi\u00f3n-permanente.jpg\" alt=\"\" width=\"172\" height=\"181\" \/><\/a><\/p>\n<p style=\"text-align: justify; padding-left: 60px;\"><strong><em>La Comisi\u00f3n Permanente <\/em><\/strong><strong><em>es el equipo directivo del MBD; est\u00e1 compuesto de cinco personas, miembros del MBD, que se van renovando anualmente en la Asamblea de comienzos de curso, mediante elecci\u00f3n y de forma parcial (un a\u00f1o se renuevan dos miembros y al siguiente los tres restantes) para que haya a la vez renovaci\u00f3n y continuidad.<\/em><\/strong><strong><em>\u00a0<\/em><\/strong>\u00a0<\/p>\n<p style=\"text-align: justify; padding-left: 60px;\"><strong><em>Esta Comisi\u00f3n Permanente representa oficialmente y a todo nivel\u00a0 al MBD; gestiona su econom\u00eda, organiza sus actividades, mantiene el contacto con los participantes, se preocupa del material de trabajo, lleva al d\u00eda la secretar\u00eda, y participa en las reuniones de programaci\u00f3n pastoral de la Iglesia Diocesana con otros movimientos de apostolado.<\/em><\/strong><strong><em>\u00a0<\/em><\/strong>\u00a0<\/p>\n<p style=\"text-align: justify;\"><strong><em>LOS\u00a0 PROFESORES\u00a0 ESPECIALISTAS<\/em><\/strong><strong><em>\u00a0<\/em><\/strong>\u00a0<\/p>\n<p style=\"text-align: justify; padding-left: 60px;\"><strong><em>Cada uno de los CURSOS B\u00cdBLICOS est\u00e1 dirigido y asistido por Profesores Licenciados en Sagrada Escritura, quienes, adem\u00e1s de impartir varios temas, forman y coordinan el grupo de monitores de cada curso. La presencia\u00a0 en cada curso de nuestros especialistas asegura la seriedad y profundidad de los contenidos, la idoneidad del material de trabajo y la coordinaci\u00f3n y formaci\u00f3n de los monitores.<\/em><\/strong><strong><em>\u00a0<\/em><\/strong>\u00a0<\/p>\n<p style=\"text-align: justify;\"><strong><em>LOS\u00a0 MONITORES,\u00a0\u00a0 GU\u00cdAS\u00a0 DE\u00a0 GRUPOS.<\/em><\/strong><strong><em>\u00a0<\/em><\/strong>\u00a0<\/p>\n<p style=\"text-align: justify; padding-left: 60px;\"><strong><em>Son miembros del MBD que han realizado los cursos hace algunos a\u00f1os. Una vez terminado el ciclo de los Cursos B\u00edblicos, han querido profundizar alguno de los temas que m\u00e1s les han impactado. As\u00ed se fueron especializando en diferentes temas y su esfuerzo ha servido para confeccionar los actuales cuadernos de estudio y\u00a0 su preparaci\u00f3n ha permitido impartir el tema correspondiente en los grupos actuales. Sin el trabajo de los monitores, el MBD no hubiera podido llegar a muchos lugares (parroquias, grupos catequ\u00e9ticos\u2026) y a dirigir cantidad de encuentros y catequesis b\u00edblicas en muy diversas zonas de la di\u00f3cesis.<\/em><\/strong><strong><em>\u00a0<\/em><\/strong>\u00a0<\/p>\n<p style=\"text-align: justify;\"><strong><em>ECON\u00d3MICAMENTE&#8230;<\/em><\/strong><strong><em>\u00a0<\/em><\/strong>\u00a0<\/p>\n<p style=\"text-align: justify; padding-left: 60px;\"><strong><em>Econ\u00f3micamente nos subvencionamos con las aportaciones de los participantes (30 \u20ac. por persona y curso), que se aportan de forma voluntaria y an\u00f3nima, para evitar que nadie deje de hacer los cursos por motivos econ\u00f3micos. Estas aportaciones se emplean en la renovaci\u00f3n del material de estudio que se entrega a cada participante al comienzo del curso, en el mantenimiento de la Biblioteca y en gastos de secretar\u00eda. Hay que resaltar que mantenemos el\u00a0 principio de que \u201cnadie cobra en el MBD\u201d por su trabajo, ni siquiera por sus gastos personales, como desplazamientos, etc.<\/em><\/strong>\u00a0<\/p>\n","protected":false},"excerpt":{"rendered":"<p>&#8212;&#8212;&#8212;- Todos los que han pasado por los cursos b\u00edblicos son miembros de un valor inestimable, todos y cada uno, sin que se puedan hacer diferencias entre ellos. Es cierto que con unos 200 hemos perdido el contacto, o porque &hellip; <a href=\"http:\/\/movimientobiblicolugo.org\/?page_id=1467\">Sigue leyendo <span class=\"meta-nav\">&rarr;<\/span><\/a><\/p>\n","protected":false},"author":4,"featured_media":0,"parent":110,"menu_order":3,"comment_status":"open","ping_status":"open","template":"","meta":[],"_links":{"self":[{"href":"http:\/\/movimientobiblicolugo.org\/index.php?rest_route=\/wp\/v2\/pages\/1467"}],"collection":[{"href":"http:\/\/movimientobiblicolugo.org\/index.php?rest_route=\/wp\/v2\/pages"}],"about":[{"href":"http:\/\/movimientobiblicolugo.org\/index.php?rest_route=\/wp\/v2\/types\/page"}],"author":[{"embeddable":true,"href":"http:\/\/movimientobiblicolugo.org\/index.php?rest_route=\/wp\/v2\/users\/4"}],"replies":[{"embeddable":true,"href":"http:\/\/movimientobiblicolugo.org\/index.php?rest_route=%2Fwp%2Fv2%2Fcomments&post=1467"}],"version-history":[{"count":17,"href":"http:\/\/movimientobiblicolugo.org\/index.php?rest_route=\/wp\/v2\/pages\/1467\/revisions"}],"predecessor-version":[{"id":2668,"href":"http:\/\/movimientobiblicolugo.org\/index.php?rest_route=\/wp\/v2\/pages\/1467\/revisions\/2668"}],"up":[{"embeddable":true,"href":"http:\/\/movimientobiblicolugo.org\/index.php?rest_route=\/wp\/v2\/pages\/110"}],"wp:attachment":[{"href":"http:\/\/movimientobiblicolugo.org\/index.php?rest_route=%2Fwp%2Fv2%2Fmedia&parent=1467"}],"curies":[{"name":"wp","href":"https:\/\/api.w.org\/{rel}","templated":true}]}}