{"id":1481,"date":"2009-08-14T16:48:28","date_gmt":"2009-08-14T14:48:28","guid":{"rendered":"http:\/\/movimientobiblicolugo.org\/?page_id=1481"},"modified":"2021-01-25T20:16:32","modified_gmt":"2021-01-25T19:16:32","slug":"contacta-con-nosotros","status":"publish","type":"page","link":"http:\/\/movimientobiblicolugo.org\/?page_id=1481","title":{"rendered":"Contacta con nosotros"},"content":{"rendered":"<p style=\"margin: 0cm 0cm 0pt; mso-line-height-alt: 10.75pt;\"><strong><span style=\"font-family: &amp;amp; amp; color: black; font-size: 11pt;\"><a href=\"http:\/\/movimientobiblicolugo.org\/wp-content\/uploads\/2009\/08\/a4-contactos.jpg\"><img loading=\"lazy\" class=\"alignright size-full wp-image-1485\" title=\"a4-contactos\" src=\"http:\/\/movimientobiblicolugo.org\/wp-content\/uploads\/2009\/08\/a4-contactos.jpg\" alt=\"a4-contactos\" width=\"180\" height=\"135\" \/><\/a><\/span><\/strong><\/p>\n<h2 style=\"padding-left: 30px;\"><span style=\"color: #000000;\"><strong><em>TIENES VARIAS FORMAS\u00a0 DE<br \/>\n<\/em><\/strong><\/span><\/h2>\n<h2 style=\"padding-left: 30px;\"><span style=\"color: #000000;\"><strong><em>CONTACTAR\u00a0 CON\u00a0 NOSOSTROS<\/em><\/strong><\/span><\/h2>\n<h2 style=\"padding-left: 30px;\"><\/h2>\n<h2 style=\"padding-left: 30px;\"><\/h2>\n<p style=\"padding-left: 30px;\"><em><span style=\"font-size: 10pt; font-family: &amp;amp;\"><span style=\"font-family: &amp;amp; amp; color: black; font-size: 10pt;\">Nuestro local social:<\/span><\/span><\/em><\/p>\n<p style=\"padding-left: 60px;\"><span style=\"font-family: &amp;amp;\"><span style=\"font-family: &amp;amp;\"><span style=\"font-family: &amp;amp; amp; color: black; font-size: 10pt;\"><span style=\"font-size: 10pt; font-family: &amp;amp;\"><span style=\"font-size: 10pt; font-family: &amp;amp;\"><span style=\"color: #0000ff;\"> <strong><em> C\/ de la Cruz 1<\/em><\/strong><\/span><\/span><\/span><\/span><\/span><\/span><\/p>\n<p style=\"padding-left: 30px;\"><span style=\"font-family: &amp;amp;\"><span style=\"font-family: &amp;amp;\"><span style=\"font-family: &amp;amp; amp; color: black; font-size: 10pt;\"><span style=\"font-size: 10pt; font-family: &amp;amp;\"><span style=\"font-size: 10pt; font-family: &amp;amp;\"><em>Para INFORMACI\u00d3N<\/em><\/span><\/span><\/span><\/span><\/span><span style=\"font-family: &amp;amp;\"><span style=\"font-family: &amp;amp;\"><span style=\"font-family: &amp;amp; amp; color: black; font-size: 10pt;\"><span style=\"font-size: 10pt; font-family: &amp;amp;\"><span style=\"font-size: 10pt; font-family: &amp;amp;\"><em><em>\u00a0dir\u00edgete a nuestro correo<\/em><\/em><\/span><\/span><\/span><\/span><\/span><\/p>\n<p style=\"padding-left: 60px;\"><span style=\"color: #0000ff;\"><em><em><em><span style=\"font-family: &amp;amp;\"><span style=\"font-family: &amp;amp;\"><strong><span style=\"font-family: &amp;amp; amp; font-size: 10pt;\"><span style=\"font-size: 10pt; font-family: &amp;amp;\"><span style=\"font-size: 10pt; font-family: &amp;amp;\"> movimientobiblicolugo@gmail.com<\/span><\/span><\/span><\/strong><\/span><\/span><\/em><\/em><\/em><\/span><\/p>\n<p style=\"padding-left: 30px;\"><span style=\"color: #000000;\"><em><em><em><span style=\"font-size: 10pt;\"><span style=\"font-size: 10pt;\"><span style=\"font-size: 10pt;\">Si eres usuario de FACEBOOK, b\u00fascanos all\u00ed escribiendo<\/span><\/span><\/span><\/em><\/em><\/em><\/span><\/p>\n<p style=\"padding-left: 60px;\"><span style=\"color: #0000ff;\"><em><em><em><span style=\"font-family: &amp;amp;\"><span style=\"font-family: &amp;amp;\"><strong><span style=\"font-family: &amp;amp; amp; font-size: 10pt;\"><span style=\"font-size: 10pt; font-family: &amp;amp;\"><span style=\"font-size: 10pt; font-family: &amp;amp;\"><span style=\"color: #0000ff;\">\u00abMovimiento B\u00edblico Diocesano\u00bb<br \/>\n<\/span><\/span><\/span><\/span><\/strong><\/span><\/span><\/em><\/em><\/em><\/span><\/p>\n<p style=\"padding-left: 60px;\"><span style=\"color: #ffffff;\"><em><em><em><strong><span style=\"font-size: 10pt;\"><span style=\"font-size: 10pt;\"><span style=\"font-size: 10pt;\">+++++++++++++++++<\/span><\/span><\/span><\/strong><\/em><\/em><\/em><\/span><\/p>\n<p style=\"padding-left: 30px;\"><span style=\"color: #333399;\"><em><em><em><strong><span style=\"font-size: 10pt;\"><span style=\"font-size: 10pt;\"><span style=\"font-size: 10pt;\">*************************************************************<\/span><\/span><\/span><\/strong><\/em><\/em><\/em><\/span><\/p>\n<p style=\"padding-left: 60px;\"><span style=\"color: #333399;\"><em><em><em><strong><span style=\"font-size: 10pt;\"><span style=\"font-size: 10pt;\"><span style=\"font-size: 10pt;\"><span style=\"color: #ffffff;\">&#8212;&#8212;&#8212;<\/span><br \/>\n<\/span><\/span><\/span><\/strong><\/em><\/em><\/em><\/span><\/p>\n<address style=\"padding-left: 30px; text-align: left;\">\u00a0<\/address>\n<address style=\"padding-left: 120px; text-align: left;\">\u00a0<\/address>\n<address style=\"padding-left: 30px;\">\u00a0<\/address>\n<address style=\"padding-left: 120px;\"><strong><span style=\"color: #ffffff;\">+++<\/span> <\/strong><\/address>\n<address style=\"padding-left: 30px; text-align: left;\">\u00a0<\/address>\n<p class=\"MsoNormal\" style=\"line-height: 145%; text-indent: 0cm; margin: 12pt 0cm 0pt; background: white;\">\n<p><em><em>\u00a0<\/em><\/em><\/p>\n<p><em><em>\u00a0<\/em><\/em><\/p>\n<p><em><em>\u00a0<\/em><\/em><\/p>\n<p><em><em>\u00a0<\/em><\/em><\/p>\n<p><em><em>\u00a0<\/em><\/em><\/p>\n<p><em><em>\u00a0<\/em><\/em><\/p>\n<p><em><em>\u00a0<\/em><\/em><\/p>\n<p><em><em>\u00a0<\/em><\/em><\/p>\n<p><em><em>\u00a0<\/em><\/em><\/p>\n<p><em><em>\u00a0<\/em><\/em><\/p>\n<p><em><em>\u00a0<\/em><\/em><\/p>\n<p style=\"margin: 0cm 0cm 0.0001pt;\"><em><br style=\"mso-special-character: line-break;\" \/><br style=\"mso-special-character: line-break;\" \/><\/em><\/p>\n<p><em>\u00a0<\/em><\/p>\n<p><em>\u00a0<\/em><\/p>\n","protected":false},"excerpt":{"rendered":"<p>TIENES VARIAS FORMAS\u00a0 DE CONTACTAR\u00a0 CON\u00a0 NOSOSTROS Nuestro local social: C\/ de la Cruz 1 Para INFORMACI\u00d3N\u00a0dir\u00edgete a nuestro correo movimientobiblicolugo@gmail.com Si eres usuario de FACEBOOK, b\u00fascanos all\u00ed escribiendo \u00abMovimiento B\u00edblico Diocesano\u00bb +++++++++++++++++ ************************************************************* &#8212;&#8212;&#8212; \u00a0 \u00a0 \u00a0 +++ \u00a0 &hellip; <a href=\"http:\/\/movimientobiblicolugo.org\/?page_id=1481\">Sigue leyendo <span class=\"meta-nav\">&rarr;<\/span><\/a><\/p>\n","protected":false},"author":4,"featured_media":0,"parent":110,"menu_order":4,"comment_status":"open","ping_status":"open","template":"","meta":[],"_links":{"self":[{"href":"http:\/\/movimientobiblicolugo.org\/index.php?rest_route=\/wp\/v2\/pages\/1481"}],"collection":[{"href":"http:\/\/movimientobiblicolugo.org\/index.php?rest_route=\/wp\/v2\/pages"}],"about":[{"href":"http:\/\/movimientobiblicolugo.org\/index.php?rest_route=\/wp\/v2\/types\/page"}],"author":[{"embeddable":true,"href":"http:\/\/movimientobiblicolugo.org\/index.php?rest_route=\/wp\/v2\/users\/4"}],"replies":[{"embeddable":true,"href":"http:\/\/movimientobiblicolugo.org\/index.php?rest_route=%2Fwp%2Fv2%2Fcomments&post=1481"}],"version-history":[{"count":47,"href":"http:\/\/movimientobiblicolugo.org\/index.php?rest_route=\/wp\/v2\/pages\/1481\/revisions"}],"predecessor-version":[{"id":6775,"href":"http:\/\/movimientobiblicolugo.org\/index.php?rest_route=\/wp\/v2\/pages\/1481\/revisions\/6775"}],"up":[{"embeddable":true,"href":"http:\/\/movimientobiblicolugo.org\/index.php?rest_route=\/wp\/v2\/pages\/110"}],"wp:attachment":[{"href":"http:\/\/movimientobiblicolugo.org\/index.php?rest_route=%2Fwp%2Fv2%2Fmedia&parent=1481"}],"curies":[{"name":"wp","href":"https:\/\/api.w.org\/{rel}","templated":true}]}}