{"id":1498,"date":"2009-08-14T17:07:24","date_gmt":"2009-08-14T15:07:24","guid":{"rendered":"http:\/\/movimientobiblicolugo.org\/?page_id=1498"},"modified":"2010-12-04T23:05:08","modified_gmt":"2010-12-04T21:05:08","slug":"cursos-biblicos","status":"publish","type":"page","link":"http:\/\/movimientobiblicolugo.org\/?page_id=1498","title":{"rendered":"Cursos b\u00edblicos"},"content":{"rendered":"<p class=\"MsoNormal\" style=\"text-align: center; line-height: 10.75pt; text-indent: 0cm; margin: 6pt 0cm 0pt;\"><strong><em><span style=\"font-family: 'Tahoma','sans-serif'; color: black; font-size: 10pt; mso-bidi-font-size: 11.0pt; mso-ansi-language: ES;\">Las actividades principales son variadas,<\/span><\/em><\/strong><\/p>\n<p class=\"MsoNormal\" style=\"text-align: center; line-height: 10.75pt; text-indent: 0cm; margin: 0cm 0cm 0pt;\"><strong><em><span style=\"font-family: 'Tahoma','sans-serif'; color: black; font-size: 10pt; mso-bidi-font-size: 11.0pt; mso-ansi-language: ES;\">pero el pilar fundamental lo constituye los<\/span><\/em><\/strong><\/p>\n<p class=\"MsoNormal\" style=\"text-align: center; line-height: 10.75pt; text-indent: 0cm; margin: 0cm 0cm 0pt;\"><strong><em> <\/em><\/strong><\/p>\n<p class=\"MsoNormal\" style=\"text-align: center; line-height: 10.75pt; text-indent: 0cm; margin: 0cm 0cm 0pt;\"><strong><em> <\/em><\/strong><\/p>\n<p class=\"MsoNormal\" style=\"text-align: center; text-indent: 0cm; margin: 12pt 0cm 0pt; mso-line-height-alt: 10.75pt;\"><strong><span style=\"font-family: 'Tahoma','sans-serif'; color: black; font-size: 22pt; mso-ansi-language: ES;\">Cursos B\u00edblicos<\/span><\/strong><\/p>\n<p class=\"MsoNormal\" style=\"text-align: center; text-indent: 0cm; margin: 6pt 0cm 0pt; mso-line-height-alt: 10.75pt;\">\n<p class=\"MsoNormal\" style=\"text-align: justify; line-height: 10.75pt; text-indent: 1cm; margin: 12pt 0cm 0pt; mso-outline-level: 4;\"><strong> <\/strong><\/p>\n<p class=\"MsoNormal\" style=\"text-align: justify; line-height: 10.75pt; text-indent: 1cm; margin: 12pt 0cm 0pt; mso-outline-level: 4;\"><strong><span style=\"font-family: 'Tahoma','sans-serif'; color: black; font-size: 10pt; mso-bidi-font-size: 11.0pt; mso-ansi-language: ES;\">Son la actividad m\u00e1s organizada, m\u00e1s constante, la que se convierte en el motor de todo el MBD. Los llamamos \u00ab<em>cursos<\/em>\u00bb porque no se trata de un catecumenado b\u00edblico, aunque tambi\u00e9n se animen y mantengan catecumenados de este tipo. Los cursos suponen una programaci\u00f3n, un material, unos responsables t\u00e9cnicos y una informaci\u00f3n que sea a la vez divulgaci\u00f3n sencilla, pero profunda y s\u00f3lida. Los cursos b\u00edblicos son tres:<\/span><\/strong><\/p>\n<p class=\"MsoNormal\" style=\"text-align: justify; line-height: 10.75pt; text-indent: 1cm; margin: 12pt 0cm 0pt; mso-outline-level: 4;\"><strong> <\/strong><\/p>\n<p class=\"MsoNormal\" style=\"text-align: justify; text-indent: 0cm; margin: 6pt 0cm 0pt; mso-line-height-alt: 10.75pt;\">\n<p class=\"MsoNormal\" style=\"text-align: justify; text-indent: 0cm; margin: 6pt 0cm 0pt; mso-line-height-alt: 10.75pt;\"><strong><em><span style=\"font-family: 'Tahoma','sans-serif'; color: black; font-size: 10pt; mso-bidi-font-size: 11.0pt; mso-ansi-language: ES;\">Primer curso:<\/span><\/em><\/strong><\/p>\n<p class=\"MsoNormal\" style=\"text-align: justify; line-height: 10.75pt; text-indent: 0cm; margin: 6pt 0cm 0pt 35.4pt;\"><strong><em><span style=\"font-family: 'Tahoma','sans-serif'; font-size: 10pt; mso-ansi-language: ES; mso-bidi-font-size: 11.0pt;\"><span style=\"color: #0000ff;\">LAS GRANDES EXPERIENCIAS RELIGIOSAS DEL ANTIGUO ISRAEL<\/span><\/span><\/em><\/strong><\/p>\n<p class=\"MsoNormal\" style=\"text-align: justify; line-height: 10.75pt; text-indent: 0cm; margin: 6pt 0cm 0pt 35.4pt;\"><strong><em><span style=\"font-family: 'Tahoma','sans-serif'; color: black; font-size: 10pt; mso-bidi-font-size: 11.0pt; mso-ansi-language: ES;\"><a href=\"http:\/\/movimientobiblicolugo.org\/wp-content\/uploads\/2009\/08\/d1-curso-1c2ba.jpg\"><img loading=\"lazy\" class=\"alignright size-full wp-image-1501\" title=\"d1-curso-1c2ba\" src=\"http:\/\/movimientobiblicolugo.org\/wp-content\/uploads\/2009\/08\/d1-curso-1c2ba.jpg\" alt=\"d1-curso-1c2ba\" width=\"197\" height=\"128\" \/><\/a><\/span><\/em><\/strong><\/p>\n<p class=\"MsoNormal\" style=\"text-align: justify; line-height: 10.75pt; text-indent: 1cm; margin: 12pt 0cm 0pt; mso-outline-level: 4;\"><strong><span style=\"font-family: 'Tahoma','sans-serif'; color: black; font-size: 10pt; mso-bidi-font-size: 11.0pt; mso-ansi-language: ES;\">Es un curso que va recorriendo los grandes acontecimientos de la Historia de Salvaci\u00f3n en el A.T.: su entorno hist\u00f3rico, su cultura y su lenguaje; las tradiciones que fue creando de generaci\u00f3n en generaci\u00f3n, hasta solidificarse en los libros b\u00edblicos actuales; y, en definitiva, el mensaje de FE que llega hasta nosotros como la invitaci\u00f3n para\u00a0 descubrir a Dios comprometido en Alianza con su Pueblo<\/span><\/strong><span style=\"font-family: 'Tahoma','sans-serif'; color: black; font-size: 10pt; mso-ansi-language: ES;\">.<\/span><em><span style=\"font-family: 'Tahoma','sans-serif'; color: black; font-size: 10pt; mso-bidi-font-size: 11.0pt; mso-ansi-language: ES;\"><a href=\"http:\/\/movimientobiblicolugo.org\/wp-content\/uploads\/2009\/07\/contenido-del-curso-1c2ba.doc\"><span style=\"color: blue; font-size: 12pt;\"> <\/span><\/a><\/span><\/em><\/p>\n<p class=\"MsoNormal\" style=\"text-align: justify; line-height: 10.75pt; text-indent: 1cm; margin: 12pt 0cm 0pt; padding-left: 90px; mso-outline-level: 4;\"><strong><span style=\"font-family: 'Tahoma','sans-serif'; color: black; font-size: 10pt; mso-bidi-font-size: 11.0pt; mso-ansi-language: ES;\"><a href=\"http:\/\/movimientobiblicolugo.org\/wp-content\/uploads\/2009\/07\/contenido-del-curso-1c2ba3.doc\"><em><span style=\"color: #ff0000;\">Contenido del PRIMER CURSO<\/span><\/em><\/a><\/span><\/strong><\/p>\n<p class=\"MsoNormal\" style=\"text-align: justify; text-indent: 0cm; margin: 6pt 0cm 0pt; mso-line-height-alt: 10.75pt;\"><strong><em><span style=\"font-family: 'Tahoma','sans-serif'; color: windowtext; font-size: 10pt; mso-bidi-font-size: 11.0pt; mso-ansi-language: ES;\">Segundo curso:<\/span><\/em><\/strong><\/p>\n<p class=\"MsoNormal\" style=\"text-align: justify; line-height: 10.75pt; text-indent: 0cm; margin: 6pt 0cm 0pt 1cm;\"><strong><em><span style=\"font-family: 'Tahoma','sans-serif'; font-size: 10pt; mso-ansi-language: ES; mso-bidi-font-size: 11.0pt;\"><span style=\"color: #0000ff;\">SAN PABLO Y LAS PRIMERAS COMUNIDADES CRISTIANAS<\/span><\/span><\/em><\/strong><\/p>\n<p class=\"MsoNormal\" style=\"text-align: justify; line-height: 10.75pt; text-indent: 0cm; margin: 6pt 0cm 0pt 1cm;\"><strong><em><span style=\"font-family: 'Tahoma','sans-serif'; color: windowtext; font-size: 10pt; mso-bidi-font-size: 11.0pt; mso-ansi-language: ES;\"><a href=\"http:\/\/movimientobiblicolugo.org\/wp-content\/uploads\/2009\/08\/d2-curso-2c2ba.jpg\"><img loading=\"lazy\" class=\"alignright size-full wp-image-1504\" title=\"d2-curso-2c2ba\" src=\"http:\/\/movimientobiblicolugo.org\/wp-content\/uploads\/2009\/08\/d2-curso-2c2ba.jpg\" alt=\"d2-curso-2c2ba\" width=\"197\" height=\"140\" \/><\/a><\/span><\/em><\/strong><\/p>\n<p class=\"MsoNormal\" style=\"text-align: justify; line-height: 10.75pt; text-indent: 1cm; margin: 12pt 0cm 0pt; mso-outline-level: 4;\"><strong><span style=\"font-family: 'Tahoma','sans-serif'; color: black; font-size: 10pt; mso-ansi-language: ES;\">Es un curso en el que se estudian las Comunidades Cristianas de los a\u00f1os 30-70: su situaci\u00f3n geogr\u00e1fica y cultural, sus modos de vida, su actividad evangelizadora, sus anuncios de fe, el esp\u00edritu nuevo surgido de la Resurrecci\u00f3n del Se\u00f1or Jes\u00fas y expresado en las Bienaventuranzas, sus problemas y dificultades, sus celebraciones comunitarias, en especial la Eucarist\u00eda.<\/span><\/strong><\/p>\n<p class=\"MsoNormal\" style=\"text-align: justify; line-height: 10.75pt; text-indent: 1cm; margin: 12pt 0cm 0pt; padding-left: 90px;\"><a href=\"http:\/\/movimientobiblicolugo.org\/wp-content\/uploads\/2009\/07\/CONTENIDO-del-curso-2\u00ba1.doc\"><em><strong><span style=\"color: #ff0000;\">Contenido del SEGUNDO CURSO<\/span><\/strong><\/em><\/a><\/p>\n<p class=\"MsoNormal\" style=\"text-align: justify; text-indent: 0cm; margin: 6pt 0cm 0pt; mso-line-height-alt: 10.75pt;\"><strong><em><span style=\"font-family: 'Tahoma','sans-serif'; color: windowtext; font-size: 10pt; mso-bidi-font-size: 11.0pt; mso-ansi-language: ES;\">Tercer curso:<\/span><\/em><\/strong><\/p>\n<p class=\"MsoNormal\" style=\"text-align: justify; line-height: 10.75pt; text-indent: 1cm; margin: 6pt 0cm 0pt; mso-outline-level: 4;\"><strong><em><span style=\"font-family: 'Tahoma','sans-serif'; font-size: 10pt; mso-ansi-language: ES; mso-bidi-font-size: 11.0pt;\"><span style=\"color: #0000ff;\">LOS EVANGELIOS Y LOS \u00daLTIMOS ESCRITOS.<\/span><\/span><\/em><\/strong><strong> <\/strong><\/p>\n<p class=\"MsoNormal\" style=\"text-align: justify; line-height: 10.75pt; text-indent: 1cm; margin: 12pt 0cm 0pt; mso-outline-level: 4;\"><strong><span style=\"font-family: 'Tahoma','sans-serif'; color: black; font-size: 10pt; mso-ansi-language: ES;\">Es el \u00faltimo curso. En \u00e9l se estudian los escritos de las d\u00e9cadas 70-100, especialmente cada uno de los Evangelios: su ambiente de origen, sus destinatarios, las tradiciones utilizadas, sus caracter\u00edsticas literarias y teol\u00f3gicas, la estructura que presentan, las grandes l\u00edneas de mensaje de cada uno, terminando con un estudio del libro del Apocalipsis.<\/span><\/strong><\/p>\n<p class=\"MsoNormal\" style=\"text-align: justify; line-height: 10.75pt; text-indent: 1cm; margin: 12pt 0cm 0pt; mso-outline-level: 4;\"><strong> <\/strong><strong><a href=\"http:\/\/movimientobiblicolugo.org\/wp-content\/uploads\/2009\/08\/d3-curso-3c2ba.jpg\"><img loading=\"lazy\" class=\"alignright size-full wp-image-1506\" title=\"d3-curso-3c2ba\" src=\"http:\/\/movimientobiblicolugo.org\/wp-content\/uploads\/2009\/08\/d3-curso-3c2ba.jpg\" alt=\"d3-curso-3c2ba\" width=\"194\" height=\"124\" \/><\/a><\/strong><\/p>\n<p class=\"MsoNormal\" style=\"text-align: justify; line-height: 10.75pt; text-indent: 1cm; margin: 6pt 0cm 0pt; mso-outline-level: 4;\"><strong><span style=\"font-family: 'Tahoma','sans-serif'; color: black; font-size: 10pt; mso-ansi-language: ES;\">Para el trabajo de estudio se cuenta con un <\/span><\/strong><strong><em><span style=\"font-family: 'Tahoma','sans-serif'; color: black; font-size: 10pt; mso-bidi-font-size: 11.0pt; mso-ansi-language: ES;\">material espec\u00edfico<\/span><\/em><\/strong><strong><span style=\"font-family: 'Tahoma','sans-serif'; color: black; font-size: 10pt; mso-ansi-language: ES;\"> a base de <\/span><\/strong><strong><em><span style=\"font-family: 'Tahoma','sans-serif'; color: black; font-size: 10pt; mso-bidi-font-size: 11.0pt; mso-ansi-language: ES;\">Temas de estudio<\/span><\/em><\/strong><strong><span style=\"font-family: 'Tahoma','sans-serif'; color: black; font-size: 10pt; mso-ansi-language: ES;\"> y <\/span><\/strong><strong><em><span style=\"font-family: 'Tahoma','sans-serif'; color: black; font-size: 10pt; mso-bidi-font-size: 11.0pt; mso-ansi-language: ES;\">Gu\u00edas de trabajo<\/span><\/em><\/strong><strong><span style=\"font-family: 'Tahoma','sans-serif'; color: black; font-size: 10pt; mso-ansi-language: ES;\"> para cada unidad tem\u00e1tica. Actualmente ya existen a la venta materiales v\u00e1lidos que podr\u00edan ser utilizados, pero cuando comenzamos, hace 30 a\u00f1os apenas hab\u00eda material, por eso tuvimos que elaborarlo nosotros poco a poco dentro del mismo MBD.<\/span><\/strong><\/p>\n<h5 class=\"MsoNormal\" style=\"text-align: justify; line-height: 10.75pt; text-indent: 1cm; margin: 6pt 0cm 0pt; padding-left: 90px; mso-outline-level: 4;\"><a href=\"http:\/\/movimientobiblicolugo.org\/wp-content\/uploads\/2009\/07\/contenido-del-curso-3c2ba6.doc\"><em><strong><span style=\"color: #ff0000;\">Contenido del TERCER CURSO<\/span><\/strong><\/em><\/a><\/h5>\n<p class=\"MsoNormal\" style=\"text-align: justify; text-indent: 1cm; margin: 6pt 0cm 0pt; mso-line-height-alt: 10.75pt; mso-outline-level: 4;\"><strong><span style=\"font-family: 'Tahoma','sans-serif'; color: black; font-size: 10pt; mso-ansi-language: ES;\"><br style=\"mso-special-character: line-break;\" \/><\/span><\/strong><strong> <\/strong><\/p>\n<p class=\"MsoNormal\" style=\"text-align: justify; line-height: 10.75pt; text-indent: 1cm; margin: 6pt 0cm 0pt; mso-outline-level: 5;\"><strong><span style=\"font-family: 'Tahoma','sans-serif'; color: black; font-size: 10pt; mso-ansi-language: ES;\">As\u00ed hemos llegado a contar actualmente con un material propio compuesto por <em>una colecci\u00f3n de 31 temas de estudio,<\/em> que continuamente se van renovando, y que cubren pr\u00e1cticamente todo el abanico de la informaci\u00f3n de los tres cursos, aunque algunos temas, en momentos determinados, est\u00e9n fase de reedici\u00f3n o de revisi\u00f3n.<\/span><\/strong><strong> <\/strong><\/p>\n<p class=\"MsoNormal\" style=\"text-align: justify; text-indent: 0cm; margin: 6pt 0cm 0pt; mso-line-height-alt: 10.75pt;\">\n<p style=\"text-align: justify;\">\n","protected":false},"excerpt":{"rendered":"<p>Las actividades principales son variadas, pero el pilar fundamental lo constituye los Cursos B\u00edblicos Son la actividad m\u00e1s organizada, m\u00e1s constante, la que se convierte en el motor de todo el MBD. Los llamamos \u00abcursos\u00bb porque no se trata de &hellip; <a href=\"http:\/\/movimientobiblicolugo.org\/?page_id=1498\">Sigue leyendo <span class=\"meta-nav\">&rarr;<\/span><\/a><\/p>\n","protected":false},"author":4,"featured_media":0,"parent":123,"menu_order":3,"comment_status":"open","ping_status":"open","template":"","meta":[],"_links":{"self":[{"href":"http:\/\/movimientobiblicolugo.org\/index.php?rest_route=\/wp\/v2\/pages\/1498"}],"collection":[{"href":"http:\/\/movimientobiblicolugo.org\/index.php?rest_route=\/wp\/v2\/pages"}],"about":[{"href":"http:\/\/movimientobiblicolugo.org\/index.php?rest_route=\/wp\/v2\/types\/page"}],"author":[{"embeddable":true,"href":"http:\/\/movimientobiblicolugo.org\/index.php?rest_route=\/wp\/v2\/users\/4"}],"replies":[{"embeddable":true,"href":"http:\/\/movimientobiblicolugo.org\/index.php?rest_route=%2Fwp%2Fv2%2Fcomments&post=1498"}],"version-history":[{"count":26,"href":"http:\/\/movimientobiblicolugo.org\/index.php?rest_route=\/wp\/v2\/pages\/1498\/revisions"}],"predecessor-version":[{"id":6767,"href":"http:\/\/movimientobiblicolugo.org\/index.php?rest_route=\/wp\/v2\/pages\/1498\/revisions\/6767"}],"up":[{"embeddable":true,"href":"http:\/\/movimientobiblicolugo.org\/index.php?rest_route=\/wp\/v2\/pages\/123"}],"wp:attachment":[{"href":"http:\/\/movimientobiblicolugo.org\/index.php?rest_route=%2Fwp%2Fv2%2Fmedia&parent=1498"}],"curies":[{"name":"wp","href":"https:\/\/api.w.org\/{rel}","templated":true}]}}