{"id":6865,"date":"2009-08-14T05:09:00","date_gmt":"2009-08-14T04:09:00","guid":{"rendered":"http:\/\/movimientobiblicolugo.org\/?page_id=6865"},"modified":"2021-01-31T22:42:36","modified_gmt":"2021-01-31T21:42:36","slug":"inicio-con-fray-jose-gomez","status":"publish","type":"page","link":"http:\/\/movimientobiblicolugo.org\/?page_id=6865","title":{"rendered":"Fundaci\u00f3n con Fray Jos\u00e9 G\u00f3mez"},"content":{"rendered":"\n<p><em>Cuando el Movimiento B\u00edblico cumpli\u00f3 25 a\u00f1os,el ya fallecido Sr. Obispo, Fray Jos\u00e9 G\u00f3mez, escribi\u00f3 la siguiente felicitaci\u00f3n<\/em><a href=\"http:\/\/movimientobiblicolugo.org\/wp-content\/uploads\/2009\/07\/fray-jose3.jpg\"><\/a><\/p>\n\n\n\n<figure class=\"wp-block-image size-large is-resized\"><img loading=\"lazy\" src=\"http:\/\/movimientobiblicolugo.org\/wp-content\/uploads\/2009\/07\/fray-jose3.jpg\" alt=\"\" class=\"wp-image-886\" width=\"181\" height=\"215\"\/><\/figure>\n\n\n\n<p><\/p>\n\n\n\n<p class=\"has-text-align-center has-medium-font-size\"><strong>1978-2003<\/strong>: <strong>VEINTICINCO A\u00d1OS DEL<\/strong> <strong>MOVIMIENTO B\u00cdBLICO DIOCESANO<\/strong><\/p>\n\n\n\n<p><strong><em>Veinticinco a\u00f1os son pocos en el c\u00f3mputo general de la historia del Cristianismo y de la Di\u00f3cesis. Son, sin embargo, muchos a\u00f1os de vida, de fidelidad, estudio y actividad para un movimiento que naci\u00f3 y pervive con vocaci\u00f3n b\u00edblica y evangelizadora.<\/em><\/strong><\/p>\n\n\n\n<p><strong><em>Las Bodas de Plata del Movimiento B\u00edblico Diocesano son un acontecimiento hist\u00f3rico para la Di\u00f3cesis de Lugo.<\/em><\/strong><\/p>\n\n\n\n<p><strong><em>Signific\u00f3 el nacimiento de una nueva organizaci\u00f3n laical en nuestra Di\u00f3cesis y, sobre todo, la creaci\u00f3n de una instituci\u00f3n con gran incidencia en la formaci\u00f3n del laicado y en la vida cristiana personal, familiar y social de nuestros diocesanos.<\/em><\/strong><\/p>\n\n\n\n<p><strong><em>Desde ahora, el Movimiento B\u00edblico Diocesano, por su intensa y significativa labor, quedar\u00e1 ligado, para siempre, a la historia de nuestra Di\u00f3cesis por su influencia en la formaci\u00f3n b\u00edblica de sacerdotes, personas consagradas y laicos; por su relaci\u00f3n con otros movimientos laicales, por su presencia en las parroquias y en otras instituciones de la Iglesia Diocesana e incluso de Galicia.<\/em><\/strong><\/p>\n\n\n\n<p><strong><em>Durante muchos a\u00f1os he podido vivir de modo muy intenso y gozoso las Inauguraciones de Curso, las Pascuas B\u00edblicas, los viajes a Tierra Santa y otras muchas actividades que, organizadas por este Movimiento, han servido para ayudamos a todos a acercamos a la Palabra de Dios, a conocer la Biblia y, en definitiva, a crecer en el amor a Dios y a los hermanos.<\/em><\/strong><\/p>\n\n\n\n<p><strong><em>Quiero aprovechar esta efem\u00e9ride para expresar mi reconocimiento, admiraci\u00f3n y afecto, a su fundador y gran animador el Rvdo. D. Jos\u00e9 Antonio Gonz\u00e1lez Garc\u00eda; a todos los sacerdotes, religiosos y laicos que han colaborado como profesores y monitores, y a todos los miembros del Movimiento.<\/em><\/strong><\/p>\n\n\n\n<p><strong><em>Todos debemos congratularnos por haber tenido la suerte de que en nuestra Di\u00f3cesis haya nacido y viva, con sus veinticinco a\u00f1os de juventud, este Movimiento tan rico en personas y actividades.<\/em><\/strong><\/p>\n\n\n\n<p><strong><em>Mi m\u00e1s cordial enhorabuena y que su presencia en la Di\u00f3cesis se prolongue en a\u00f1os y en frutos cada d\u00eda m\u00e1s fecundos y lozanos.<\/em><\/strong><\/p>\n\n\n\n<p><strong><em><a href=\"http:\/\/movimientobiblicolugo.org\/wp-content\/uploads\/2009\/07\/cruz-episcopal.jpg\"><\/a>Fr. Jos\u00e9 G\u00f3mez Gonz\u00e1lez<\/em><\/strong><\/p>\n\n\n\n<p><strong><em>Obispo de Lugo.<\/em><\/strong><\/p>\n\n\n\n<p><\/p>\n\n\n\n<p><strong><em>PASCUA B\u00cdBLICA del 2003<\/em><\/strong><\/p>\n","protected":false},"excerpt":{"rendered":"<p>Cuando el Movimiento B\u00edblico cumpli\u00f3 25 a\u00f1os,el ya fallecido Sr. Obispo, Fray Jos\u00e9 G\u00f3mez, escribi\u00f3 la siguiente felicitaci\u00f3n 1978-2003: VEINTICINCO A\u00d1OS DEL MOVIMIENTO B\u00cdBLICO DIOCESANO Veinticinco a\u00f1os son pocos en el c\u00f3mputo general de la historia del Cristianismo y de &hellip; <a href=\"http:\/\/movimientobiblicolugo.org\/?page_id=6865\">Sigue leyendo <span class=\"meta-nav\">&rarr;<\/span><\/a><\/p>\n","protected":false},"author":8,"featured_media":0,"parent":110,"menu_order":2,"comment_status":"closed","ping_status":"closed","template":"","meta":[],"_links":{"self":[{"href":"http:\/\/movimientobiblicolugo.org\/index.php?rest_route=\/wp\/v2\/pages\/6865"}],"collection":[{"href":"http:\/\/movimientobiblicolugo.org\/index.php?rest_route=\/wp\/v2\/pages"}],"about":[{"href":"http:\/\/movimientobiblicolugo.org\/index.php?rest_route=\/wp\/v2\/types\/page"}],"author":[{"embeddable":true,"href":"http:\/\/movimientobiblicolugo.org\/index.php?rest_route=\/wp\/v2\/users\/8"}],"replies":[{"embeddable":true,"href":"http:\/\/movimientobiblicolugo.org\/index.php?rest_route=%2Fwp%2Fv2%2Fcomments&post=6865"}],"version-history":[{"count":3,"href":"http:\/\/movimientobiblicolugo.org\/index.php?rest_route=\/wp\/v2\/pages\/6865\/revisions"}],"predecessor-version":[{"id":6881,"href":"http:\/\/movimientobiblicolugo.org\/index.php?rest_route=\/wp\/v2\/pages\/6865\/revisions\/6881"}],"up":[{"embeddable":true,"href":"http:\/\/movimientobiblicolugo.org\/index.php?rest_route=\/wp\/v2\/pages\/110"}],"wp:attachment":[{"href":"http:\/\/movimientobiblicolugo.org\/index.php?rest_route=%2Fwp%2Fv2%2Fmedia&parent=6865"}],"curies":[{"name":"wp","href":"https:\/\/api.w.org\/{rel}","templated":true}]}}