{"id":7,"date":"2009-07-10T12:22:49","date_gmt":"2009-07-10T10:22:49","guid":{"rendered":"http:\/\/movimientobiblicolugo.org\/?page_id=7"},"modified":"2021-01-31T22:40:07","modified_gmt":"2021-01-31T21:40:07","slug":"organizacion","status":"publish","type":"page","link":"http:\/\/movimientobiblicolugo.org\/?page_id=7","title":{"rendered":"\u00bfQui\u00e9nes somos?"},"content":{"rendered":"<p class=\"MsoNormal\" style=\"margin-top: 6pt; text-align: center;\">\n<p class=\"MsoNormal\" style=\"margin-top: 6pt; text-align: left;\"><strong><span style=\"font-size: 14pt; font-family: &amp;amp;amp;\"><a href=\"http:\/\/movimientobiblicolugo.org\/wp-content\/uploads\/2009\/07\/organizacion-21.jpg\"><\/a><\/span><\/strong><\/p>\n<p class=\"MsoNormal\" style=\"text-align: justify; padding-left: 30px;\"><span style=\"font-size: 10pt; font-family: &amp;amp;amp;\"><strong> <a href=\"http:\/\/movimientobiblicolugo.org\/wp-content\/uploads\/2009\/08\/19-mbd.jpg\"><img loading=\"lazy\" class=\"alignright size-full wp-image-1107\" title=\"19-mbd\" src=\"http:\/\/movimientobiblicolugo.org\/wp-content\/uploads\/2009\/08\/19-mbd.jpg\" alt=\"\" width=\"205\" height=\"154\" srcset=\"http:\/\/movimientobiblicolugo.org\/wp-content\/uploads\/2009\/08\/19-mbd.jpg 570w, http:\/\/movimientobiblicolugo.org\/wp-content\/uploads\/2009\/08\/19-mbd-300x224.jpg 300w\" sizes=\"(max-width: 205px) 100vw, 205px\" \/><\/a><\/strong><\/span><\/p>\n<p class=\"MsoNormal\" style=\"margin-top: 6pt; text-align: center;\">\n<p class=\"MsoNormal\" style=\"text-align: justify; padding-left: 30px;\"><strong><em><span style=\"font-size: 10pt; font-family: &amp;amp;amp;\"> El Movimiento B\u00edblico Diocesano lo forman todos aqu\u00e9llos que <\/span> han sentido y sienten la inquietud por conocer, entender, celebrar y vivir la PALABRA DE DIOS.<\/em><\/strong><\/p>\n<p class=\"MsoNormal\" style=\"text-align: justify; margin-top: 6pt; text-indent: 1cm; padding-left: 30px;\"><strong><em><span style=\"font-size: 10pt; font-family: &amp;amp;amp;\">Son todos aquellos que se dieron cuenta de que esta Palabra de Dios ven\u00eda envuelta en un lenguaje h<\/span>umano de hace varios milenios, procedente de una cultura diferente, nacida en una tierra muy lejana . La Biblia est\u00e1 compuesta de \u00abtextos que vienen de lejos\u00bb, y, conscientes de ello, m\u00e1s de 1000 personas, a lo largo de 30 a\u00f1os, han querido obtener esa informaci\u00f3n b\u00e1sica que les permitiera entender y vivir la Palabra de Dios.<\/em><\/strong><span style=\"font-size: 10pt; font-family: &amp;amp;amp;\"><strong><em> <\/em><\/strong><\/span><\/p>\n<p class=\"MsoNormal\" style=\"text-align: justify; margin-top: 6pt; text-indent: 1cm; padding-left: 30px;\"><span style=\"font-size: 10pt; font-family: &amp;amp;amp;\"><strong><em>Todos ellos forman el MBD. Los&nbsp; Profesores especialistas en Sagrada Escritura, el equipo de Monitores que gu\u00edan los cursos, los que se dedican a los aspectos organizativos en la Comisi\u00f3n Permanente, los que han asistido a los grupos de trabajo y los que est\u00e1n asistiendo actualmente. Mucha y buena gente.<\/em><\/strong><\/span><\/p>\n<p class=\"MsoNormal\" style=\"text-align: justify; margin-top: 6pt; text-indent: 1cm; padding-left: 30px;\"><span style=\"font-size: 10pt; font-family: &amp;amp;amp;\"><strong><em>Fue muy importante mantener estrechos contactos con todas las actividades b\u00edblicas que conocemos, especialmente dentro de Galicia. En este sentido destacamos la relaci\u00f3n con el Secretariado B\u00edblico de Vigo y la mutua colaboraci\u00f3n y frecuente presencia que mantenemos con el Movimiento B\u00edblico de la Coru\u00f1a, que trabaja con nuestra misma metodolog\u00eda; sin olvidar muchas otras escuelas parroquiales de formaci\u00f3n b\u00edblica en diferentes lugares, con las que intercambiamos experiencias y materiales, \u00e1nimos y dificultades.<\/em><\/strong><\/span><\/p>\n<p class=\"MsoNormal\" style=\"text-align: justify; margin-top: 6pt; text-indent: 1cm; padding-left: 30px;\"><span style=\"font-size: 10pt; font-family: &amp;amp;amp;\"><strong><em> <\/em><\/strong><\/span><\/p>\n<p class=\"MsoNormal\" style=\"margin-top: 6pt; text-align: left;\"><strong><span style=\"font-size: 14pt; font-family: &amp;amp;amp;\"><em> <\/em><\/span><\/strong><\/p>\n","protected":false},"excerpt":{"rendered":"<p>El Movimiento B\u00edblico Diocesano lo forman todos aqu\u00e9llos que han sentido y sienten la inquietud por conocer, entender, celebrar y vivir la PALABRA DE DIOS. Son todos aquellos que se dieron cuenta de que esta Palabra de Dios ven\u00eda envuelta &hellip; <a href=\"http:\/\/movimientobiblicolugo.org\/?page_id=7\">Sigue leyendo <span class=\"meta-nav\">&rarr;<\/span><\/a><\/p>\n","protected":false},"author":4,"featured_media":0,"parent":110,"menu_order":2,"comment_status":"open","ping_status":"open","template":"","meta":[],"_links":{"self":[{"href":"http:\/\/movimientobiblicolugo.org\/index.php?rest_route=\/wp\/v2\/pages\/7"}],"collection":[{"href":"http:\/\/movimientobiblicolugo.org\/index.php?rest_route=\/wp\/v2\/pages"}],"about":[{"href":"http:\/\/movimientobiblicolugo.org\/index.php?rest_route=\/wp\/v2\/types\/page"}],"author":[{"embeddable":true,"href":"http:\/\/movimientobiblicolugo.org\/index.php?rest_route=\/wp\/v2\/users\/4"}],"replies":[{"embeddable":true,"href":"http:\/\/movimientobiblicolugo.org\/index.php?rest_route=%2Fwp%2Fv2%2Fcomments&post=7"}],"version-history":[{"count":43,"href":"http:\/\/movimientobiblicolugo.org\/index.php?rest_route=\/wp\/v2\/pages\/7\/revisions"}],"predecessor-version":[{"id":6880,"href":"http:\/\/movimientobiblicolugo.org\/index.php?rest_route=\/wp\/v2\/pages\/7\/revisions\/6880"}],"up":[{"embeddable":true,"href":"http:\/\/movimientobiblicolugo.org\/index.php?rest_route=\/wp\/v2\/pages\/110"}],"wp:attachment":[{"href":"http:\/\/movimientobiblicolugo.org\/index.php?rest_route=%2Fwp%2Fv2%2Fmedia&parent=7"}],"curies":[{"name":"wp","href":"https:\/\/api.w.org\/{rel}","templated":true}]}}